{"id":87,"date":"2023-08-06T09:23:26","date_gmt":"2023-08-06T09:23:26","guid":{"rendered":"https:\/\/manipura.top\/?post_type=product&#038;p=87"},"modified":"2025-09-19T15:19:44","modified_gmt":"2025-09-19T15:19:44","slug":"limpieza-energetica","status":"publish","type":"product","link":"https:\/\/manipura.top\/index.php\/product\/limpieza-energetica\/","title":{"rendered":"Limpieza Energ\u00e9tica"},"content":{"rendered":"<h1>Limpieza energ\u00e9tica con la Mesa Dimensional Cu\u00e1ntica a distancia.<\/h1>\n<p>Limpieza y ajuste de tu energ\u00eda con la Mesa Dimensional Cu\u00e1ntica, con esta limpieza realizaremos ajustes de tu energ\u00eda dependiendo de lo que tu necesites al momento de la consulta<\/p>\n<p>Duraci\u00f3n: de 30 a 60 minutos<\/p>\n<p>Si gustas saber mas acerca de esta maravillosa terapia puedes lee <a href=\"https:\/\/manipura.top\/index.php\/2023\/08\/06\/que-es-la-mesa-dimensional-cuantica\/\">este articulo<\/a> que tenemos publicado en nuestro blog.<\/p>\n<p>&nbsp;<\/p>\n","protected":false},"excerpt":{"rendered":"<p>Limpieza energ\u00e9tica con Mesa Dimensional Cu\u00e1ntica a distancia<\/p>\n","protected":false},"featured_media":77,"comment_status":"open","ping_status":"closed","template":"","meta":[],"product_cat":[19],"product_tag":[20],"_links":{"self":[{"href":"https:\/\/manipura.top\/index.php\/wp-json\/wp\/v2\/product\/87"}],"collection":[{"href":"https:\/\/manipura.top\/index.php\/wp-json\/wp\/v2\/product"}],"about":[{"href":"https:\/\/manipura.top\/index.php\/wp-json\/wp\/v2\/types\/product"}],"replies":[{"embeddable":true,"href":"https:\/\/manipura.top\/index.php\/wp-json\/wp\/v2\/comments?post=87"}],"wp:featuredmedia":[{"embeddable":true,"href":"https:\/\/manipura.top\/index.php\/wp-json\/wp\/v2\/media\/77"}],"wp:attachment":[{"href":"https:\/\/manipura.top\/index.php\/wp-json\/wp\/v2\/media?parent=87"}],"wp:term":[{"taxonomy":"product_cat","embeddable":true,"href":"https:\/\/manipura.top\/index.php\/wp-json\/wp\/v2\/product_cat?post=87"},{"taxonomy":"product_tag","embeddable":true,"href":"https:\/\/manipura.top\/index.php\/wp-json\/wp\/v2\/product_tag?post=87"}],"curies":[{"name":"wp","href":"https:\/\/api.w.org\/{rel}","templated":true}]}}