{"id":2,"date":"2023-07-30T21:57:07","date_gmt":"2023-07-30T21:57:07","guid":{"rendered":"http:\/\/manipura.top\/?page_id=2"},"modified":"2023-08-06T09:48:30","modified_gmt":"2023-08-06T09:48:30","slug":"bienvenidos","status":"publish","type":"page","link":"https:\/\/manipura.top\/","title":{"rendered":"Bienvenido a Manipura"},"content":{"rendered":"\n<p><\/p>\n\n\n\n<p>En Manipura nos dedicamos a promover el funcionamiento armonioso entre cuerpo, mente y alma. Ofrecemos terapias hol\u00edsticas que incluyen limpiezas energ\u00e9ticas con MDC  as\u00ed como limpieza y alineaci\u00f3n de chakras con cristales de cuarzo. Nuestro objetivo es ayudarte a encontrar el equilibrio y la paz interior que necesitas.<\/p>\n\n\n\n<p><\/p>\n\n\n\n<p><\/p>\n","protected":false},"excerpt":{"rendered":"<p>En Manipura nos dedicamos a promover el funcionamiento armonioso entre cuerpo, mente y alma. Ofrecemos terapias hol\u00edsticas que incluyen limpiezas energ\u00e9ticas con MDC as\u00ed como limpieza y alineaci\u00f3n de chakras con cristales de cuarzo. Nuestro objetivo es ayudarte a encontrar el equilibrio y la paz interior que necesitas.<\/p>\n","protected":false},"author":1,"featured_media":33,"parent":0,"menu_order":0,"comment_status":"closed","ping_status":"closed","template":"","meta":{"footnotes":""},"_links":{"self":[{"href":"https:\/\/manipura.top\/index.php\/wp-json\/wp\/v2\/pages\/2"}],"collection":[{"href":"https:\/\/manipura.top\/index.php\/wp-json\/wp\/v2\/pages"}],"about":[{"href":"https:\/\/manipura.top\/index.php\/wp-json\/wp\/v2\/types\/page"}],"author":[{"embeddable":true,"href":"https:\/\/manipura.top\/index.php\/wp-json\/wp\/v2\/users\/1"}],"replies":[{"embeddable":true,"href":"https:\/\/manipura.top\/index.php\/wp-json\/wp\/v2\/comments?post=2"}],"version-history":[{"count":4,"href":"https:\/\/manipura.top\/index.php\/wp-json\/wp\/v2\/pages\/2\/revisions"}],"predecessor-version":[{"id":108,"href":"https:\/\/manipura.top\/index.php\/wp-json\/wp\/v2\/pages\/2\/revisions\/108"}],"wp:featuredmedia":[{"embeddable":true,"href":"https:\/\/manipura.top\/index.php\/wp-json\/wp\/v2\/media\/33"}],"wp:attachment":[{"href":"https:\/\/manipura.top\/index.php\/wp-json\/wp\/v2\/media?parent=2"}],"curies":[{"name":"wp","href":"https:\/\/api.w.org\/{rel}","templated":true}]}}